{"id":36,"date":"2017-02-16T09:13:19","date_gmt":"2017-02-16T08:13:19","guid":{"rendered":"http:\/\/mxajfmgl.preview.infomaniak.website\/?page_id=36"},"modified":"2024-08-27T19:45:53","modified_gmt":"2024-08-27T17:45:53","slug":"home","status":"publish","type":"page","link":"https:\/\/www.zumstein-peter-gmbh.ch\/","title":{"rendered":"HOME"},"content":{"rendered":"<p>[et_pb_section fb_built=&#8220;1&#8243; custom_padding_last_edited=&#8220;on|desktop&#8220; admin_label=&#8220;section&#8220; module_id=&#8220;about&#8220; _builder_version=&#8220;4.16&#8243; custom_padding=&#8220;0px|0px|0px|0px&#8220; custom_padding_tablet=&#8220;&#8220; custom_padding_phone=&#8220;&#8220; transparent_background=&#8220;off&#8220; make_fullwidth=&#8220;off&#8220; use_custom_width=&#8220;off&#8220; width_unit=&#8220;off&#8220; custom_width_px=&#8220;1080px&#8220; custom_width_percent=&#8220;80%&#8220; global_colors_info=&#8220;{}&#8220;][et_pb_row column_structure=&#8220;3_5,2_5&#8243; custom_padding_last_edited=&#8220;on|phone&#8220; admin_label=&#8220;Ligne&#8220; _builder_version=&#8220;4.25.2&#8243; background_size=&#8220;initial&#8220; background_position=&#8220;top_left&#8220; background_repeat=&#8220;repeat&#8220; custom_padding=&#8220;24px|180px|0px|180px||&#8220; custom_padding_tablet=&#8220;100px|100px|100px|100px&#8220; custom_padding_phone=&#8220;100px|20px|100px|20px&#8220; make_fullwidth=&#8220;off&#8220; use_custom_width=&#8220;off&#8220; width_unit=&#8220;off&#8220; custom_width_px=&#8220;1080px&#8220; custom_width_percent=&#8220;80%&#8220; global_colors_info=&#8220;{}&#8220;][et_pb_column type=&#8220;3_5&#8243; _builder_version=&#8220;4.16&#8243; custom_padding=&#8220;|||&#8220; global_colors_info=&#8220;{}&#8220; custom_padding__hover=&#8220;|||&#8220;][et_pb_text admin_label=&#8220;Texte&#8220; _builder_version=&#8220;4.27.0&#8243; text_line_height=&#8220;1.5em&#8220; background_size=&#8220;initial&#8220; background_position=&#8220;top_left&#8220; background_repeat=&#8220;repeat&#8220; text_orientation=&#8220;center&#8220; module_alignment=&#8220;center&#8220; custom_margin=&#8220;|||&#8220; custom_padding=&#8220;0px|||||&#8220; hover_enabled=&#8220;0&#8243; use_border_color=&#8220;off&#8220; border_style=&#8220;solid&#8220; global_colors_info=&#8220;{}&#8220; sticky_enabled=&#8220;0&#8243;]<\/p>\n<h1 style=\"text-align: center;\"><\/h1>\n<h1>Willkommen bei Zumstein Peter GmbH<\/h1>\n<p>&nbsp;<\/p>\n<h2>Ihr Ansprechpartner f\u00fcr Plattenarbeiten und Ofenbau seit 1993<\/h2>\n<h3>Kachel\u00f6fen<\/h3>\n<h3>Speckstein\u00f6fen<\/h3>\n<h3>Chemin\u00e9es<\/h3>\n<h3>Kochherde<\/h3>\n<h3>Eigene Plattenausstellung in Lungern (auf Voranmeldung)<\/h3>\n<h3>\u00a0Keramische Wand und Bodenbel\u00e4ge und Natursteinarbeiten<\/h3>\n<p>&nbsp;<\/p>\n<h4>Es ist mir eine Freude traditionelles Handwerk mit modernem Design zu vereinen, um Ihre Wohntr\u00e4ume wahr werden zu lassen.<\/h4>\n<h4>Als erfahrene Plattenleger und Hafner biete Ich Ihnen ein breites Spektrum an Dienstleistungen rund um Plattenarbeiten und Ofenbau an.<\/h4>\n<p>&nbsp;<\/p>\n<h3>Ich freue mich auf ihre Kontaktaufnahme<\/h3>\n<p>&nbsp;<\/p>\n<p>[\/et_pb_text][\/et_pb_column][et_pb_column type=&#8220;2_5&#8243; _builder_version=&#8220;4.16&#8243; custom_padding=&#8220;|||&#8220; global_colors_info=&#8220;{}&#8220; custom_padding__hover=&#8220;|||&#8220;][et_pb_image src=&#8220;https:\/\/www.zumstein-peter-gmbh.ch\/wp-content\/uploads\/2022\/09\/Peter_2.jpg&#8220; title_text=&#8220;Peter_2&#8243; _builder_version=&#8220;4.27.0&#8243; _module_preset=&#8220;default&#8220; global_colors_info=&#8220;{}&#8220;][\/et_pb_image][et_pb_image src=&#8220;https:\/\/www.zumstein-peter-gmbh.ch\/wp-content\/uploads\/2022\/09\/Peter_1.jpg&#8220; title_text=&#8220;Peter_1&#8243; _builder_version=&#8220;4.27.0&#8243; _module_preset=&#8220;default&#8220; global_colors_info=&#8220;{}&#8220;][\/et_pb_image][\/et_pb_column][\/et_pb_row][et_pb_row _builder_version=&#8220;4.27.0&#8243; _module_preset=&#8220;default&#8220; global_colors_info=&#8220;{}&#8220;][et_pb_column type=&#8220;4_4&#8243; _builder_version=&#8220;4.27.0&#8243; _module_preset=&#8220;default&#8220; global_colors_info=&#8220;{}&#8220;][et_pb_image src=&#8220;https:\/\/www.zumstein-peter-gmbh.ch\/wp-content\/uploads\/2022\/09\/Logo_2.jpg&#8220; title_text=&#8220;Logo_2&#8243; align=&#8220;center&#8220; _builder_version=&#8220;4.27.0&#8243; _module_preset=&#8220;default&#8220; global_colors_info=&#8220;{}&#8220;][\/et_pb_image][et_pb_text _builder_version=&#8220;4.27.0&#8243; _module_preset=&#8220;default&#8220; hover_enabled=&#8220;0&#8243; sticky_enabled=&#8220;0&#8243;]<\/p>\n<h3 style=\"text-align: center;\"><a href=\"mailto:ofen.zumstein@bluewin.ch\" target=\"_blank\" rel=\"noopener\">ofen.zumstein@bluewin.ch<\/a><\/h3>\n<p>[\/et_pb_text][\/et_pb_column][\/et_pb_row][et_pb_row column_structure=&#8220;1_2,1_2&#8243; _builder_version=&#8220;4.27.0&#8243; _module_preset=&#8220;default&#8220; global_colors_info=&#8220;{}&#8220;][et_pb_column type=&#8220;1_2&#8243; _builder_version=&#8220;4.27.0&#8243; _module_preset=&#8220;default&#8220; global_colors_info=&#8220;{}&#8220;][et_pb_text _builder_version=&#8220;4.27.0&#8243; _module_preset=&#8220;default&#8220; global_colors_info=&#8220;{}&#8220;]<\/p>\n<h1 style=\"text-align: center;\">Plattenbel\u00e4ge<\/h1>\n<p>[\/et_pb_text][et_pb_gallery gallery_ids=&#8220;28908,28907,28906,28900,28895,28892,28891,28890,28889,28883,28881,28880,28879,28868,28867,28863,28862,28861,28859,28856&#8243; posts_number=&#8220;8&#8243; show_title_and_caption=&#8220;off&#8220; _builder_version=&#8220;4.27.0&#8243; _module_preset=&#8220;default&#8220; link_option_url_new_window=&#8220;on&#8220; global_colors_info=&#8220;{}&#8220;][\/et_pb_gallery][\/et_pb_column][et_pb_column type=&#8220;1_2&#8243; _builder_version=&#8220;4.27.0&#8243; _module_preset=&#8220;default&#8220; global_colors_info=&#8220;{}&#8220;][et_pb_text _builder_version=&#8220;4.27.0&#8243; _module_preset=&#8220;default&#8220; global_colors_info=&#8220;{}&#8220;]<\/p>\n<h1 style=\"text-align: center;\">Ofenbau<\/h1>\n<p>[\/et_pb_text][et_pb_gallery gallery_ids=&#8220;28919,28918,28917,28911,28910,28905,28904,28903,28902,28901,28899,28898,28897,28896,28894,28893,28888,28886,28885,28882,28873,28866,28865,28864,28854,28853,28852,28849,28848,28842,28860,28983,28984,28985,28986,28987&#8243; gallery_orderby=&#8220;rand&#8220; posts_number=&#8220;8&#8243; show_title_and_caption=&#8220;off&#8220; _builder_version=&#8220;4.27.0&#8243; _module_preset=&#8220;default&#8220; link_option_url_new_window=&#8220;on&#8220; hover_enabled=&#8220;0&#8243; global_colors_info=&#8220;{}&#8220; sticky_enabled=&#8220;0&#8243;][\/et_pb_gallery][\/et_pb_column][\/et_pb_row][\/et_pb_section]<\/p>\n","protected":false},"excerpt":{"rendered":"<p>Willkommen bei Zumstein Peter GmbH &nbsp; Ihr Ansprechpartner f\u00fcr Plattenarbeiten und Ofenbau seit 1993 Kachel\u00f6fen Speckstein\u00f6fen Chemin\u00e9es Kochherde Eigene Plattenausstellung in Lungern (auf Voranmeldung) \u00a0Keramische Wand und Bodenbel\u00e4ge und Natursteinarbeiten &nbsp; Es ist mir eine Freude traditionelles Handwerk mit modernem Design zu vereinen, um Ihre Wohntr\u00e4ume wahr werden zu lassen. Als erfahrene Plattenleger und Hafner [&hellip;]<\/p>\n","protected":false},"author":0,"featured_media":0,"parent":0,"menu_order":0,"comment_status":"closed","ping_status":"closed","template":"","meta":{"_et_pb_use_builder":"on","_et_pb_old_content":"","_et_gb_content_width":"","footnotes":""},"class_list":["post-36","page","type-page","status-publish","hentry"],"_links":{"self":[{"href":"https:\/\/www.zumstein-peter-gmbh.ch\/index.php?rest_route=\/wp\/v2\/pages\/36","targetHints":{"allow":["GET"]}}],"collection":[{"href":"https:\/\/www.zumstein-peter-gmbh.ch\/index.php?rest_route=\/wp\/v2\/pages"}],"about":[{"href":"https:\/\/www.zumstein-peter-gmbh.ch\/index.php?rest_route=\/wp\/v2\/types\/page"}],"replies":[{"embeddable":true,"href":"https:\/\/www.zumstein-peter-gmbh.ch\/index.php?rest_route=%2Fwp%2Fv2%2Fcomments&post=36"}],"version-history":[{"count":20,"href":"https:\/\/www.zumstein-peter-gmbh.ch\/index.php?rest_route=\/wp\/v2\/pages\/36\/revisions"}],"predecessor-version":[{"id":28989,"href":"https:\/\/www.zumstein-peter-gmbh.ch\/index.php?rest_route=\/wp\/v2\/pages\/36\/revisions\/28989"}],"wp:attachment":[{"href":"https:\/\/www.zumstein-peter-gmbh.ch\/index.php?rest_route=%2Fwp%2Fv2%2Fmedia&parent=36"}],"curies":[{"name":"wp","href":"https:\/\/api.w.org\/{rel}","templated":true}]}}